{"id":44,"date":"2020-08-14T18:06:26","date_gmt":"2020-08-14T16:06:26","guid":{"rendered":"https:\/\/www.kinderchorfestival.com\/en\/?page_id=44"},"modified":"2020-08-14T18:06:26","modified_gmt":"2020-08-14T16:06:26","slug":"company-details","status":"publish","type":"page","link":"https:\/\/www.kinderchorfestival.com\/en\/company-details\/","title":{"rendered":"company details"},"content":{"rendered":"<p>&nbsp;<\/p>\n<p><strong>Anbieterkennzeichnung dieser Seiten<\/strong><\/p>\n<p>Betreiber dieser Homepage und Tr\u00e4ger des Internationalen Kinderchorfestivals Halle (Saale) ist die<\/p>\n<p><strong>Hallesche Jugendwerkstatt gGmbH<\/strong><br \/>\nHeinrich-Franck-Stra\u00dfe 2<br \/>\n06112 Halle (Saale)<br \/>\ninfo@hal-jw.de<strong><br \/>\n<\/strong><\/p>\n<p><strong>Gesch\u00e4ftsf\u00fchrung: <\/strong>Anna Manser, Klaus Roth<strong><br \/>\nverantwortlich f\u00fcr den Inhalt dieser Internetseite: <\/strong>Anna Manser, Klaus Roth<strong><br \/>\nGestaltung und Realisierung: <\/strong>Marie-Therese Mehler<\/p>\n<p><strong>Handelsregisternr.: <\/strong>HRB 27742 | Handelsregister B Stendal<br \/>\n<strong>Bankverbindung:<\/strong> Saalesparkasse\u00a0 IBAN: DE30 8005 3762 0385 3045 50<\/p>\n<p><strong>Widerspruch gegen Werbe-E-Mails<\/strong><\/p>\n<p>Der Nutzung von im Rahmen der Impressumspflicht ver\u00f6ffentlichten Kontaktdaten zur \u00dcbersendung von nicht ausdr\u00fccklich angeforderter Werbung sowie Informationsmaterialien wird hiermit ausdr\u00fccklich widersprochen. Die Betreiber der Seiten behalten sich ausdr\u00fccklich im Falle der unverlangten Zusendung von Werbeinformationen, etwa durch Spam-E-Mails, rechtliche Schritte vor.<\/p>\n<hr \/>\n<p>HAFTUNGSAUSSCHLUSS<\/p>\n<p><strong>Haftung f\u00fcr Inhalte<\/strong><\/p>\n<p>Die Inhalte unserer Seiten wurden mit gr\u00f6\u00dfter Sorgfalt erstellt. F\u00fcr die Richtigkeit, Vollst\u00e4ndigkeit und Aktualit\u00e4t der Inhalte k\u00f6nnen wir jedoch keine Gew\u00e4hr \u00fcbernehmen. Als Dienstanbieter sind wir gem\u00e4\u00df \u00a7 7 Abs.1 TMG f\u00fcr eigene Inhalte auf diesen Seiten nach den allgemeinen Gesetzen verantwortlich. Nach \u00a7\u00a7 8 bis 10 TMG sind wir als Dienstanbieter jedoch nicht verpflichtet, \u00fcbermittelte oder gespeicherte fremde Informationen zu \u00fcberwachen oder nach Umst\u00e4nden zu forschen, die auf eine rechtswidrige T\u00e4tigkeit hinweisen. Verpflichtungen zur Entfernung oder Sperrung der Nutzung von Informationen nach den allgemeinen Gesetzen bleiben hiervon unber\u00fchrt. Eine diesbez\u00fcgliche Haftung ist jedoch erst ab dem Zeitpunkt der Kenntnis einer konkreten Rechtsverletzung m\u00f6glich. Bei Bekanntwerden von entsprechenden Rechtsverletzungen werden wir diese Inhalte umgehend entfernen.<\/p>\n<p><strong>Haftung f\u00fcr Links<\/strong><\/p>\n<p>Unser Angebot enth\u00e4lt Links zu externen Webseiten Dritter, auf deren Inhalte wir keinen Einfluss haben. Deshalb k\u00f6nnen wir f\u00fcr diese fremden Inhalte auch keine Gew\u00e4hr \u00fcbernehmen. F\u00fcr die Inhalte der verlinkten Seiten ist stets der jeweilige Anbieter oder Betreiber der Seiten verantwortlich. Die verlinkten Seiten wurden zum Zeitpunkt der Verlinkung auf m\u00f6gliche Rechtsverst\u00f6\u00dfe \u00fcberpr\u00fcft. Rechtswidrige Inhalte waren zum Zeitpunkt der Verlinkung nicht erkennbar. Eine permanente inhaltliche Kontrolle der verlinkten Seiten ist jedoch ohne konkrete Anhaltspunkte einer Rechtsverletzung nicht zumutbar. Bei Bekanntwerden von Rechtsverletzungen werden wir derartige Links umgehend entfernen.<\/p>\n<p><strong>Urheberrecht<\/strong><\/p>\n<p>Die durch die Seitenbetreiber erstellten Inhalte und Werke auf diesen Seiten unterliegen dem deutschen Urheberrecht. Die Vervielf\u00e4ltigung, Bearbeitung, Verbreitung und jede Art der Verwertung au\u00dferhalb der Grenzen des Urheberrechtes bed\u00fcrfen der schriftlichen Zustimmung des jeweiligen Autors bzw. Erstellers. Downloads und Kopien dieser Seite sind nur f\u00fcr den privaten, nicht kommerziellen Gebrauch gestattet. Soweit die Inhalte auf dieser Seite nicht vom Betreiber erstellt wurden, werden die Urheberrechte Dritter beachtet. Insbesondere werden Inhalte Dritter als solche gekennzeichnet. Sollten Sie trotzdem auf eine Urheberrechtsverletzung aufmerksam werden, bitten wir um einen entsprechenden Hinweis. Bei Bekanntwerden von Rechtsverletzungen werden wir derartige Inhalte umgehend entfernen.<\/p>\n<p><em>Quelle: <a href=\"http:\/\/www.e-recht24.de\/muster-disclaimer.htm\" target=\"_blank\" rel=\"noopener\">Disclaimer eRecht24<\/a><\/em><\/p>\n","protected":false},"excerpt":{"rendered":"<p>&nbsp; Anbieterkennzeichnung dieser Seiten Betreiber dieser Homepage und Tr\u00e4ger des Internationalen Kinderchorfestivals Halle (Saale) ist die Hallesche Jugendwerkstatt gGmbH Heinrich-Franck-Stra\u00dfe 2 06112 Halle (Saale) info@hal-jw.de Gesch\u00e4ftsf\u00fchrung: Anna Manser, Klaus Roth verantwortlich f\u00fcr den Inhalt dieser Internetseite: Anna Manser, Klaus Roth Gestaltung und Realisierung: Marie-Therese Mehler Handelsregisternr.: HRB 27742 | Handelsregister B Stendal Bankverbindung: Saalesparkasse\u00a0 IBAN: DE30 8005 3762 0385 3045 50 Widerspruch gegen Werbe-E-Mails Der Nutzung von im Rahmen der Impressumspflicht ver\u00f6ffentlichten Kontaktdaten zur \u00dcbersendung von nicht ausdr\u00fccklich angeforderter Werbung sowie Informationsmaterialien wird hiermit ausdr\u00fccklich widersprochen. Die Betreiber der Seiten behalten sich ausdr\u00fccklich im Falle der unverlangten Zusendung von Werbeinformationen, etwa durch Spam-E-Mails, rechtliche Schritte vor. HAFTUNGSAUSSCHLUSS Haftung f\u00fcr Inhalte Die Inhalte unserer Seiten wurden mit gr\u00f6\u00dfter Sorgfalt erstellt. F\u00fcr die Richtigkeit, Vollst\u00e4ndigkeit und Aktualit\u00e4t der Inhalte k\u00f6nnen wir jedoch keine Gew\u00e4hr \u00fcbernehmen. Als Dienstanbieter sind wir gem\u00e4\u00df \u00a7 7 Abs.1 TMG f\u00fcr eigene Inhalte auf diesen Seiten nach den allgemeinen Gesetzen verantwortlich. Nach \u00a7\u00a7 8 bis 10 TMG sind wir als Dienstanbieter jedoch nicht verpflichtet, \u00fcbermittelte oder gespeicherte fremde Informationen zu \u00fcberwachen oder nach Umst\u00e4nden zu forschen, die auf eine rechtswidrige T\u00e4tigkeit hinweisen. Verpflichtungen zur Entfernung oder Sperrung der Nutzung von Informationen nach den allgemeinen Gesetzen bleiben hiervon unber\u00fchrt. Eine diesbez\u00fcgliche Haftung ist jedoch erst ab dem Zeitpunkt der Kenntnis einer konkreten Rechtsverletzung m\u00f6glich. Bei Bekanntwerden von entsprechenden Rechtsverletzungen werden wir diese Inhalte umgehend entfernen. Haftung f\u00fcr Links Unser Angebot enth\u00e4lt Links zu externen Webseiten Dritter, auf deren Inhalte wir keinen Einfluss haben. Deshalb k\u00f6nnen wir f\u00fcr diese fremden Inhalte auch keine Gew\u00e4hr \u00fcbernehmen. F\u00fcr die Inhalte der verlinkten Seiten ist stets der jeweilige Anbieter oder Betreiber der Seiten verantwortlich. Die verlinkten Seiten wurden zum Zeitpunkt der Verlinkung auf m\u00f6gliche Rechtsverst\u00f6\u00dfe \u00fcberpr\u00fcft. Rechtswidrige Inhalte waren zum Zeitpunkt der Verlinkung nicht erkennbar. Eine permanente inhaltliche Kontrolle der verlinkten Seiten ist jedoch ohne konkrete Anhaltspunkte einer Rechtsverletzung nicht zumutbar. Bei Bekanntwerden von Rechtsverletzungen werden wir derartige Links umgehend entfernen. Urheberrecht Die durch die Seitenbetreiber erstellten Inhalte und Werke auf diesen Seiten unterliegen dem deutschen Urheberrecht. Die Vervielf\u00e4ltigung, Bearbeitung, Verbreitung und jede Art der Verwertung au\u00dferhalb der Grenzen des Urheberrechtes bed\u00fcrfen der schriftlichen Zustimmung des jeweiligen Autors bzw. Erstellers. Downloads und Kopien dieser Seite sind nur f\u00fcr den privaten, nicht kommerziellen Gebrauch gestattet. Soweit die Inhalte auf dieser Seite nicht vom Betreiber erstellt wurden, werden die Urheberrechte Dritter beachtet. Insbesondere werden Inhalte Dritter als solche gekennzeichnet. Sollten Sie trotzdem auf eine Urheberrechtsverletzung aufmerksam werden, bitten wir um einen entsprechenden Hinweis. Bei Bekanntwerden von Rechtsverletzungen werden wir derartige Inhalte umgehend entfernen. Quelle: Disclaimer eRecht24<\/p>\n","protected":false},"author":3,"featured_media":0,"parent":0,"menu_order":0,"comment_status":"closed","ping_status":"closed","template":"","meta":{"footnotes":""},"yoast_head":"<!-- This site is optimized with the Yoast SEO plugin v22.9 - https:\/\/yoast.com\/wordpress\/plugins\/seo\/ -->\n<title>company details - International Children&#039;s Choir Festival<\/title>\n<meta name=\"robots\" content=\"index, follow, max-snippet:-1, max-image-preview:large, max-video-preview:-1\" \/>\n<link rel=\"canonical\" href=\"https:\/\/www.kinderchorfestival.com\/en\/company-details\/\" \/>\n<meta property=\"og:locale\" content=\"en_US\" \/>\n<meta property=\"og:type\" content=\"article\" \/>\n<meta property=\"og:title\" content=\"company details - International Children&#039;s Choir Festival\" \/>\n<meta property=\"og:description\" content=\"&nbsp; Anbieterkennzeichnung dieser Seiten Betreiber dieser Homepage und Tr\u00e4ger des Internationalen Kinderchorfestivals Halle (Saale) ist die Hallesche Jugendwerkstatt gGmbH Heinrich-Franck-Stra\u00dfe 2 06112 Halle (Saale) info@hal-jw.de Gesch\u00e4ftsf\u00fchrung: Anna Manser, Klaus Roth verantwortlich f\u00fcr den Inhalt dieser Internetseite: Anna Manser, Klaus Roth Gestaltung und Realisierung: Marie-Therese Mehler Handelsregisternr.: HRB 27742 | Handelsregister B Stendal Bankverbindung: Saalesparkasse\u00a0 IBAN: DE30 8005 3762 0385 3045 50 Widerspruch gegen Werbe-E-Mails Der Nutzung von im Rahmen der Impressumspflicht ver\u00f6ffentlichten Kontaktdaten zur \u00dcbersendung von nicht ausdr\u00fccklich angeforderter Werbung sowie Informationsmaterialien wird hiermit ausdr\u00fccklich widersprochen. Die Betreiber der Seiten behalten sich ausdr\u00fccklich im Falle der unverlangten Zusendung von Werbeinformationen, etwa durch Spam-E-Mails, rechtliche Schritte vor. HAFTUNGSAUSSCHLUSS Haftung f\u00fcr Inhalte Die Inhalte unserer Seiten wurden mit gr\u00f6\u00dfter Sorgfalt erstellt. F\u00fcr die Richtigkeit, Vollst\u00e4ndigkeit und Aktualit\u00e4t der Inhalte k\u00f6nnen wir jedoch keine Gew\u00e4hr \u00fcbernehmen. Als Dienstanbieter sind wir gem\u00e4\u00df \u00a7 7 Abs.1 TMG f\u00fcr eigene Inhalte auf diesen Seiten nach den allgemeinen Gesetzen verantwortlich. Nach \u00a7\u00a7 8 bis 10 TMG sind wir als Dienstanbieter jedoch nicht verpflichtet, \u00fcbermittelte oder gespeicherte fremde Informationen zu \u00fcberwachen oder nach Umst\u00e4nden zu forschen, die auf eine rechtswidrige T\u00e4tigkeit hinweisen. Verpflichtungen zur Entfernung oder Sperrung der Nutzung von Informationen nach den allgemeinen Gesetzen bleiben hiervon unber\u00fchrt. Eine diesbez\u00fcgliche Haftung ist jedoch erst ab dem Zeitpunkt der Kenntnis einer konkreten Rechtsverletzung m\u00f6glich. Bei Bekanntwerden von entsprechenden Rechtsverletzungen werden wir diese Inhalte umgehend entfernen. Haftung f\u00fcr Links Unser Angebot enth\u00e4lt Links zu externen Webseiten Dritter, auf deren Inhalte wir keinen Einfluss haben. Deshalb k\u00f6nnen wir f\u00fcr diese fremden Inhalte auch keine Gew\u00e4hr \u00fcbernehmen. F\u00fcr die Inhalte der verlinkten Seiten ist stets der jeweilige Anbieter oder Betreiber der Seiten verantwortlich. Die verlinkten Seiten wurden zum Zeitpunkt der Verlinkung auf m\u00f6gliche Rechtsverst\u00f6\u00dfe \u00fcberpr\u00fcft. Rechtswidrige Inhalte waren zum Zeitpunkt der Verlinkung nicht erkennbar. Eine permanente inhaltliche Kontrolle der verlinkten Seiten ist jedoch ohne konkrete Anhaltspunkte einer Rechtsverletzung nicht zumutbar. Bei Bekanntwerden von Rechtsverletzungen werden wir derartige Links umgehend entfernen. Urheberrecht Die durch die Seitenbetreiber erstellten Inhalte und Werke auf diesen Seiten unterliegen dem deutschen Urheberrecht. Die Vervielf\u00e4ltigung, Bearbeitung, Verbreitung und jede Art der Verwertung au\u00dferhalb der Grenzen des Urheberrechtes bed\u00fcrfen der schriftlichen Zustimmung des jeweiligen Autors bzw. Erstellers. Downloads und Kopien dieser Seite sind nur f\u00fcr den privaten, nicht kommerziellen Gebrauch gestattet. Soweit die Inhalte auf dieser Seite nicht vom Betreiber erstellt wurden, werden die Urheberrechte Dritter beachtet. Insbesondere werden Inhalte Dritter als solche gekennzeichnet. Sollten Sie trotzdem auf eine Urheberrechtsverletzung aufmerksam werden, bitten wir um einen entsprechenden Hinweis. Bei Bekanntwerden von Rechtsverletzungen werden wir derartige Inhalte umgehend entfernen. Quelle: Disclaimer eRecht24\" \/>\n<meta property=\"og:url\" content=\"https:\/\/www.kinderchorfestival.com\/en\/company-details\/\" \/>\n<meta property=\"og:site_name\" content=\"International Children&#039;s Choir Festival\" \/>\n<meta name=\"twitter:card\" content=\"summary_large_image\" \/>\n<meta name=\"twitter:label1\" content=\"Est. reading time\" \/>\n\t<meta name=\"twitter:data1\" content=\"2 minutes\" \/>\n<script type=\"application\/ld+json\" class=\"yoast-schema-graph\">{\"@context\":\"https:\/\/schema.org\",\"@graph\":[{\"@type\":\"WebPage\",\"@id\":\"https:\/\/www.kinderchorfestival.com\/en\/company-details\/\",\"url\":\"https:\/\/www.kinderchorfestival.com\/en\/company-details\/\",\"name\":\"company details - International Children&#039;s Choir Festival\",\"isPartOf\":{\"@id\":\"https:\/\/www.kinderchorfestival.com\/en\/#website\"},\"datePublished\":\"2020-08-14T16:06:26+00:00\",\"dateModified\":\"2020-08-14T16:06:26+00:00\",\"breadcrumb\":{\"@id\":\"https:\/\/www.kinderchorfestival.com\/en\/company-details\/#breadcrumb\"},\"inLanguage\":\"en-US\",\"potentialAction\":[{\"@type\":\"ReadAction\",\"target\":[\"https:\/\/www.kinderchorfestival.com\/en\/company-details\/\"]}]},{\"@type\":\"BreadcrumbList\",\"@id\":\"https:\/\/www.kinderchorfestival.com\/en\/company-details\/#breadcrumb\",\"itemListElement\":[{\"@type\":\"ListItem\",\"position\":1,\"name\":\"Startseite\",\"item\":\"https:\/\/www.kinderchorfestival.com\/en\/\"},{\"@type\":\"ListItem\",\"position\":2,\"name\":\"company details\"}]},{\"@type\":\"WebSite\",\"@id\":\"https:\/\/www.kinderchorfestival.com\/en\/#website\",\"url\":\"https:\/\/www.kinderchorfestival.com\/en\/\",\"name\":\"International Children&#039;s Choir Festival\",\"description\":\"\",\"publisher\":{\"@id\":\"https:\/\/www.kinderchorfestival.com\/en\/#organization\"},\"potentialAction\":[{\"@type\":\"SearchAction\",\"target\":{\"@type\":\"EntryPoint\",\"urlTemplate\":\"https:\/\/www.kinderchorfestival.com\/en\/?s={search_term_string}\"},\"query-input\":\"required name=search_term_string\"}],\"inLanguage\":\"en-US\"},{\"@type\":\"Organization\",\"@id\":\"https:\/\/www.kinderchorfestival.com\/en\/#organization\",\"name\":\"International Children&#039;s Choir Festival\",\"url\":\"https:\/\/www.kinderchorfestival.com\/en\/\",\"logo\":{\"@type\":\"ImageObject\",\"inLanguage\":\"en-US\",\"@id\":\"https:\/\/www.kinderchorfestival.com\/en\/#\/schema\/logo\/image\/\",\"url\":\"https:\/\/www.kinderchorfestival.com\/en\/wp-content\/uploads\/sites\/2\/2020\/08\/Logo-KCF-Weiss.png\",\"contentUrl\":\"https:\/\/www.kinderchorfestival.com\/en\/wp-content\/uploads\/sites\/2\/2020\/08\/Logo-KCF-Weiss.png\",\"width\":701,\"height\":505,\"caption\":\"International Children&#039;s Choir Festival\"},\"image\":{\"@id\":\"https:\/\/www.kinderchorfestival.com\/en\/#\/schema\/logo\/image\/\"}}]}<\/script>\n<!-- \/ Yoast SEO plugin. -->","yoast_head_json":{"title":"company details - International Children&#039;s Choir Festival","robots":{"index":"index","follow":"follow","max-snippet":"max-snippet:-1","max-image-preview":"max-image-preview:large","max-video-preview":"max-video-preview:-1"},"canonical":"https:\/\/www.kinderchorfestival.com\/en\/company-details\/","og_locale":"en_US","og_type":"article","og_title":"company details - International Children&#039;s Choir Festival","og_description":"&nbsp; Anbieterkennzeichnung dieser Seiten Betreiber dieser Homepage und Tr\u00e4ger des Internationalen Kinderchorfestivals Halle (Saale) ist die Hallesche Jugendwerkstatt gGmbH Heinrich-Franck-Stra\u00dfe 2 06112 Halle (Saale) info@hal-jw.de Gesch\u00e4ftsf\u00fchrung: Anna Manser, Klaus Roth verantwortlich f\u00fcr den Inhalt dieser Internetseite: Anna Manser, Klaus Roth Gestaltung und Realisierung: Marie-Therese Mehler Handelsregisternr.: HRB 27742 | Handelsregister B Stendal Bankverbindung: Saalesparkasse\u00a0 IBAN: DE30 8005 3762 0385 3045 50 Widerspruch gegen Werbe-E-Mails Der Nutzung von im Rahmen der Impressumspflicht ver\u00f6ffentlichten Kontaktdaten zur \u00dcbersendung von nicht ausdr\u00fccklich angeforderter Werbung sowie Informationsmaterialien wird hiermit ausdr\u00fccklich widersprochen. Die Betreiber der Seiten behalten sich ausdr\u00fccklich im Falle der unverlangten Zusendung von Werbeinformationen, etwa durch Spam-E-Mails, rechtliche Schritte vor. HAFTUNGSAUSSCHLUSS Haftung f\u00fcr Inhalte Die Inhalte unserer Seiten wurden mit gr\u00f6\u00dfter Sorgfalt erstellt. F\u00fcr die Richtigkeit, Vollst\u00e4ndigkeit und Aktualit\u00e4t der Inhalte k\u00f6nnen wir jedoch keine Gew\u00e4hr \u00fcbernehmen. Als Dienstanbieter sind wir gem\u00e4\u00df \u00a7 7 Abs.1 TMG f\u00fcr eigene Inhalte auf diesen Seiten nach den allgemeinen Gesetzen verantwortlich. Nach \u00a7\u00a7 8 bis 10 TMG sind wir als Dienstanbieter jedoch nicht verpflichtet, \u00fcbermittelte oder gespeicherte fremde Informationen zu \u00fcberwachen oder nach Umst\u00e4nden zu forschen, die auf eine rechtswidrige T\u00e4tigkeit hinweisen. Verpflichtungen zur Entfernung oder Sperrung der Nutzung von Informationen nach den allgemeinen Gesetzen bleiben hiervon unber\u00fchrt. Eine diesbez\u00fcgliche Haftung ist jedoch erst ab dem Zeitpunkt der Kenntnis einer konkreten Rechtsverletzung m\u00f6glich. Bei Bekanntwerden von entsprechenden Rechtsverletzungen werden wir diese Inhalte umgehend entfernen. Haftung f\u00fcr Links Unser Angebot enth\u00e4lt Links zu externen Webseiten Dritter, auf deren Inhalte wir keinen Einfluss haben. Deshalb k\u00f6nnen wir f\u00fcr diese fremden Inhalte auch keine Gew\u00e4hr \u00fcbernehmen. F\u00fcr die Inhalte der verlinkten Seiten ist stets der jeweilige Anbieter oder Betreiber der Seiten verantwortlich. Die verlinkten Seiten wurden zum Zeitpunkt der Verlinkung auf m\u00f6gliche Rechtsverst\u00f6\u00dfe \u00fcberpr\u00fcft. Rechtswidrige Inhalte waren zum Zeitpunkt der Verlinkung nicht erkennbar. Eine permanente inhaltliche Kontrolle der verlinkten Seiten ist jedoch ohne konkrete Anhaltspunkte einer Rechtsverletzung nicht zumutbar. Bei Bekanntwerden von Rechtsverletzungen werden wir derartige Links umgehend entfernen. Urheberrecht Die durch die Seitenbetreiber erstellten Inhalte und Werke auf diesen Seiten unterliegen dem deutschen Urheberrecht. Die Vervielf\u00e4ltigung, Bearbeitung, Verbreitung und jede Art der Verwertung au\u00dferhalb der Grenzen des Urheberrechtes bed\u00fcrfen der schriftlichen Zustimmung des jeweiligen Autors bzw. Erstellers. Downloads und Kopien dieser Seite sind nur f\u00fcr den privaten, nicht kommerziellen Gebrauch gestattet. Soweit die Inhalte auf dieser Seite nicht vom Betreiber erstellt wurden, werden die Urheberrechte Dritter beachtet. Insbesondere werden Inhalte Dritter als solche gekennzeichnet. Sollten Sie trotzdem auf eine Urheberrechtsverletzung aufmerksam werden, bitten wir um einen entsprechenden Hinweis. Bei Bekanntwerden von Rechtsverletzungen werden wir derartige Inhalte umgehend entfernen. Quelle: Disclaimer eRecht24","og_url":"https:\/\/www.kinderchorfestival.com\/en\/company-details\/","og_site_name":"International Children&#039;s Choir Festival","twitter_card":"summary_large_image","twitter_misc":{"Est. reading time":"2 minutes"},"schema":{"@context":"https:\/\/schema.org","@graph":[{"@type":"WebPage","@id":"https:\/\/www.kinderchorfestival.com\/en\/company-details\/","url":"https:\/\/www.kinderchorfestival.com\/en\/company-details\/","name":"company details - International Children&#039;s Choir Festival","isPartOf":{"@id":"https:\/\/www.kinderchorfestival.com\/en\/#website"},"datePublished":"2020-08-14T16:06:26+00:00","dateModified":"2020-08-14T16:06:26+00:00","breadcrumb":{"@id":"https:\/\/www.kinderchorfestival.com\/en\/company-details\/#breadcrumb"},"inLanguage":"en-US","potentialAction":[{"@type":"ReadAction","target":["https:\/\/www.kinderchorfestival.com\/en\/company-details\/"]}]},{"@type":"BreadcrumbList","@id":"https:\/\/www.kinderchorfestival.com\/en\/company-details\/#breadcrumb","itemListElement":[{"@type":"ListItem","position":1,"name":"Startseite","item":"https:\/\/www.kinderchorfestival.com\/en\/"},{"@type":"ListItem","position":2,"name":"company details"}]},{"@type":"WebSite","@id":"https:\/\/www.kinderchorfestival.com\/en\/#website","url":"https:\/\/www.kinderchorfestival.com\/en\/","name":"International Children&#039;s Choir Festival","description":"","publisher":{"@id":"https:\/\/www.kinderchorfestival.com\/en\/#organization"},"potentialAction":[{"@type":"SearchAction","target":{"@type":"EntryPoint","urlTemplate":"https:\/\/www.kinderchorfestival.com\/en\/?s={search_term_string}"},"query-input":"required name=search_term_string"}],"inLanguage":"en-US"},{"@type":"Organization","@id":"https:\/\/www.kinderchorfestival.com\/en\/#organization","name":"International Children&#039;s Choir Festival","url":"https:\/\/www.kinderchorfestival.com\/en\/","logo":{"@type":"ImageObject","inLanguage":"en-US","@id":"https:\/\/www.kinderchorfestival.com\/en\/#\/schema\/logo\/image\/","url":"https:\/\/www.kinderchorfestival.com\/en\/wp-content\/uploads\/sites\/2\/2020\/08\/Logo-KCF-Weiss.png","contentUrl":"https:\/\/www.kinderchorfestival.com\/en\/wp-content\/uploads\/sites\/2\/2020\/08\/Logo-KCF-Weiss.png","width":701,"height":505,"caption":"International Children&#039;s Choir Festival"},"image":{"@id":"https:\/\/www.kinderchorfestival.com\/en\/#\/schema\/logo\/image\/"}}]}},"_links":{"self":[{"href":"https:\/\/www.kinderchorfestival.com\/en\/wp-json\/wp\/v2\/pages\/44"}],"collection":[{"href":"https:\/\/www.kinderchorfestival.com\/en\/wp-json\/wp\/v2\/pages"}],"about":[{"href":"https:\/\/www.kinderchorfestival.com\/en\/wp-json\/wp\/v2\/types\/page"}],"author":[{"embeddable":true,"href":"https:\/\/www.kinderchorfestival.com\/en\/wp-json\/wp\/v2\/users\/3"}],"replies":[{"embeddable":true,"href":"https:\/\/www.kinderchorfestival.com\/en\/wp-json\/wp\/v2\/comments?post=44"}],"version-history":[{"count":1,"href":"https:\/\/www.kinderchorfestival.com\/en\/wp-json\/wp\/v2\/pages\/44\/revisions"}],"predecessor-version":[{"id":46,"href":"https:\/\/www.kinderchorfestival.com\/en\/wp-json\/wp\/v2\/pages\/44\/revisions\/46"}],"wp:attachment":[{"href":"https:\/\/www.kinderchorfestival.com\/en\/wp-json\/wp\/v2\/media?parent=44"}],"curies":[{"name":"wp","href":"https:\/\/api.w.org\/{rel}","templated":true}]}}